{"id":52,"date":"2018-07-18T19:13:37","date_gmt":"2018-07-18T17:13:37","guid":{"rendered":"http:\/\/drenpa-namkha.org\/?page_id=52"},"modified":"2023-06-26T12:03:21","modified_gmt":"2023-06-26T10:03:21","slug":"strona-glowna","status":"publish","type":"page","link":"https:\/\/drenpa-namkha.org\/en\/","title":{"rendered":"home"},"content":{"rendered":"<div class=\"wpb-content-wrapper\">[vc_row inner_container=&#8221;true&#8221; padding_top=&#8221;25px&#8221; padding_bottom=&#8221;0px&#8221; bg_video=&#8221;&#8221; class=&#8221;&#8221; style=&#8221;&#8221;][vc_column fade_animation_offset=&#8221;55px&#8221; width=&#8221;1\/2&#8243; id=&#8221;&#8221; class=&#8221;&#8221; style=&#8221;&#8221;]<h2 style=\"text-align: justify;\">Our mission:<\/h2>\n<p>&nbsp;<\/p>\n<div style=\"text-align: justify;\">\n<p>\u00a0 \u00a0The Drenpa Namkha Foundation\u2019s purpose is to expose people in the western world to the deep knowledge and traditions of Yungdrung B\u00f6n.<\/p>\n<p dir=\"ltr\"><span class=\"highlight\"><span class=\"colour\"><span class=\"font\"><span class=\"size\">\u00a0 \u00a0 \u00a0Yungdrung Bon has origins that trace back 16.000 years ago to Central Asia.<\/span><\/span><\/span><\/span><\/p>\n<p dir=\"ltr\"><span class=\"highlight\"><span class=\"colour\"><span class=\"font\"><span class=\"size\">\u00a0 \u00a0 It\u2019s core teachings consists of Sutra, Tantra and Dzogchen as well as many other healing methods. In total, there are 84.000 teachings that can be found in b\u00f6npo texts, giving it one of the most diverse libraries of any spiritual tradition in existence.<\/span><\/span><\/span><\/span><\/p>\n<p dir=\"ltr\"><span class=\"highlight\"><span class=\"colour\"><span class=\"font\"><span class=\"size\">\u00a0 \u00a0 \u00a0Yet, in spite of its textual wealth, only a handful of texts are typically taught in the west. Our foundation aims to introduce people in the West to various methods that have been previously unavailable &#8211; methods that can heal and strengthen virtually every aspect of human life.<\/span><\/span><\/span><\/span><\/p>\n<p dir=\"ltr\"><span class=\"highlight\"><span class=\"colour\"><span class=\"font\"><span class=\"size\">\u00a0 \u00a0 \u00a0We are currently in the early stages of several projects: the construction of sacred buildings as well as our publishing efforts. The latter will make texts and instructions available that were previously unknown to the West. Thanks to the support of the Foundation, this ancient knowledge will manifest for the benefit of current and future generations in the accident.<\/span><\/span><\/span><\/span><\/p>\n<p dir=\"ltr\"><span class=\"highlight\" style=\"color: #ffffff;\"><span class=\"colour\"><span class=\"font\"><span class=\"size\">.\u00a0 \u00a0<\/span><\/span><\/span><\/span><span class=\"highlight\"><span class=\"colour\"><span class=\"font\"><span class=\"size\">Drenpa Namkha was born in the eighth century near Mount Kailash in the capital of the ancient kingdom of Zhang Zhung, a city named Kyunglung Ngulkhar.<\/span><\/span><\/span><\/span><\/p>\n<p dir=\"ltr\"><span class=\"highlight\"><span class=\"colour\"><span class=\"font\"><span class=\"size\">\u00a0 \u00a0 \u00a0Drenpa Namkha was a great scholar and practitioner of B\u00f6n, and the supreme master of Sutra, Tantra and Dzogchen. He was actively involved in protecting the B\u00f6n teachings during a time of B\u00f6npo persecution in Tibet, and was responsible for the preservation of the lineage.<\/span><\/span><\/span><\/span><\/p>\n<p dir=\"ltr\"><span class=\"highlight\"><span class=\"colour\"><span class=\"font\"><span class=\"size\">\u00a0 \u00a0 \u00a0As a teacher of yogis and yoginis, he led many practitioners to complete realization. One and a quarter millennia later, his teachings and inspiration remains to this day. It is in this vein, that the Foundation wishes to preserve B\u00f6n\u2019s unique teachings, which are in danger of disappearing in our world.<\/span><\/span><\/span><\/span><\/p>\n<\/div>\n<hr  class=\"x-gap\" style=\"margin: 1.313em 0 0 0;\">[vc_single_image image=&#8221;1038&#8243; img_size=&#8221;230&#215;230&#8243; alignment=&#8221;center&#8221;]<hr  class=\"x-gap\" style=\"margin: 1.313em 0 0 0;\">[\/vc_column][vc_column fade_animation_offset=&#8221;45px&#8221; width=&#8221;1\/2&#8243;]<hr  class=\"x-gap\" style=\"margin: 1.313em 0 0 0;\"><hr  class=\"x-gap\" style=\"margin: 1.313em 0 0 0;\"><img decoding=\"async\"  class=\"x-img left\"  src=\"https:\/\/drenpa-namkha.org\/wp-content\/uploads\/2023\/06\/Drenpa-Namkha-Cave.jpg\" ><hr  class=\"x-gap\" style=\"margin: 25em 0 0 0;\"><hr  class=\"x-gap\" style=\"margin: 6em 0 0 0;\">[\/vc_column][\/vc_row]\n<\/div>","protected":false},"excerpt":{"rendered":"<p>[vc_row inner_container=&#8221;true&#8221; padding_top=&#8221;25px&#8221; padding_bottom=&#8221;0px&#8221; bg_video=&#8221;&#8221; class=&#8221;&#8221; style=&#8221;&#8221;][vc_column fade_animation_offset=&#8221;55px&#8221; width=&#8221;1\/2&#8243; id=&#8221;&#8221; class=&#8221;&#8221; style=&#8221;&#8221;][vc_single_image image=&#8221;1038&#8243; img_size=&#8221;230&#215;230&#8243; alignment=&#8221;center&#8221;][\/vc_column][vc_column fade_animation_offset=&#8221;45px&#8221; width=&#8221;1\/2&#8243;][\/vc_column][\/vc_row]<\/p>\n","protected":false},"author":2,"featured_media":1068,"parent":0,"menu_order":0,"comment_status":"closed","ping_status":"closed","template":"template-blank-4.php","meta":{"footnotes":""},"class_list":["post-52","page","type-page","status-publish","has-post-thumbnail","hentry"],"_links":{"self":[{"href":"https:\/\/drenpa-namkha.org\/en\/wp-json\/wp\/v2\/pages\/52","targetHints":{"allow":["GET"]}}],"collection":[{"href":"https:\/\/drenpa-namkha.org\/en\/wp-json\/wp\/v2\/pages"}],"about":[{"href":"https:\/\/drenpa-namkha.org\/en\/wp-json\/wp\/v2\/types\/page"}],"author":[{"embeddable":true,"href":"https:\/\/drenpa-namkha.org\/en\/wp-json\/wp\/v2\/users\/2"}],"replies":[{"embeddable":true,"href":"https:\/\/drenpa-namkha.org\/en\/wp-json\/wp\/v2\/comments?post=52"}],"version-history":[{"count":108,"href":"https:\/\/drenpa-namkha.org\/en\/wp-json\/wp\/v2\/pages\/52\/revisions"}],"predecessor-version":[{"id":1761,"href":"https:\/\/drenpa-namkha.org\/en\/wp-json\/wp\/v2\/pages\/52\/revisions\/1761"}],"wp:featuredmedia":[{"embeddable":true,"href":"https:\/\/drenpa-namkha.org\/en\/wp-json\/wp\/v2\/media\/1068"}],"wp:attachment":[{"href":"https:\/\/drenpa-namkha.org\/en\/wp-json\/wp\/v2\/media?parent=52"}],"curies":[{"name":"wp","href":"https:\/\/api.w.org\/{rel}","templated":true}]}}